{"id":81,"date":"2020-06-17T13:30:29","date_gmt":"2020-06-17T11:30:29","guid":{"rendered":"http:\/\/www.evolution-canvas.com\/shop\/?post_type=product&#038;p=81"},"modified":"2023-04-25T17:35:56","modified_gmt":"2023-04-25T15:35:56","slug":"zukunfts-quartett","status":"publish","type":"product","link":"http:\/\/www.evolution-canvas.com\/shop\/?product=zukunfts-quartett","title":{"rendered":"iQ Innovations Quartett"},"content":{"rendered":"<p>Kartenset mit 36 Spielkarten inkl. 4 Supertr\u00fcmpfen.<br \/>\nIn Faltkartonschachtel. Karten produziert von Piatnik.<\/p>\n","protected":false},"excerpt":{"rendered":"<p>Mit dem Innovations Quartett er\u00f6ffnest du dir neue M\u00f6glichkeiten in deinem Gesch\u00e4ftsmodell. Lass dich von den 4 Jokern inspirieren und von den Karten challengen!<br \/>\nBist du mutig genug, zu spielen?<\/p>\n<p><iframe width=\"560\" height=\"315\" src=\"https:\/\/www.youtube.com\/embed\/fAzaufA_d08\" title=\"YouTube video player\" frameborder=\"0\" allow=\"accelerometer; autoplay; clipboard-write; encrypted-media; gyroscope; picture-in-picture\" allowfullscreen><\/iframe><\/p>\n","protected":false},"featured_media":155,"comment_status":"open","ping_status":"closed","template":"","meta":[],"_links":{"self":[{"href":"http:\/\/www.evolution-canvas.com\/shop\/index.php?rest_route=\/wp\/v2\/product\/81"}],"collection":[{"href":"http:\/\/www.evolution-canvas.com\/shop\/index.php?rest_route=\/wp\/v2\/product"}],"about":[{"href":"http:\/\/www.evolution-canvas.com\/shop\/index.php?rest_route=\/wp\/v2\/types\/product"}],"replies":[{"embeddable":true,"href":"http:\/\/www.evolution-canvas.com\/shop\/index.php?rest_route=%2Fwp%2Fv2%2Fcomments&post=81"}],"wp:featuredmedia":[{"embeddable":true,"href":"http:\/\/www.evolution-canvas.com\/shop\/index.php?rest_route=\/wp\/v2\/media\/155"}],"wp:attachment":[{"href":"http:\/\/www.evolution-canvas.com\/shop\/index.php?rest_route=%2Fwp%2Fv2%2Fmedia&parent=81"}],"curies":[{"name":"wp","href":"https:\/\/api.w.org\/{rel}","templated":true}]}}