{"id":182,"date":"2020-09-29T22:44:42","date_gmt":"2020-09-29T20:44:42","guid":{"rendered":"http:\/\/www.evolution-canvas.com\/shop\/?post_type=product&#038;p=182"},"modified":"2023-04-25T17:35:30","modified_gmt":"2023-04-25T15:35:30","slug":"iq-innovations-quartett-online-zugang","status":"publish","type":"product","link":"http:\/\/www.evolution-canvas.com\/shop\/?product=iq-innovations-quartett-online-zugang","title":{"rendered":"iQ Innovations Quartett Basic online Zugang"},"content":{"rendered":"<div class=\"woocommerce-product-details__short-description\">\n<div class=\"kw-details-desc\">\n<p>Das online iQ Innovations Quartett -Jahres-Abo gewa\u0308hrleistet einen Gesamtblick auf die Mo\u0308glichkeiten der Digitalisierung, erkl\u00e4rt komplexe Begriffe, zeigt Anwendungs-Beispiele auf und unterstu\u0308tzt bei der Entwicklung von Digitalisierungsideen.<\/p>\n<p>F\u00fcr die Dauer von 12 Monaten ab Registrierung auf der Plattform unter Anwendung des mitgelieferten Codes werden folgende Funktionen bereitgestellt:<br \/>\n\u2013 Detailinformationen zu ALLEN verf\u00fcgbaren Quartett Karten und Super Tr\u00fcmpfen<br \/>\n\u2013 Interaktives Spielbrett<br \/>\n\u2013 Video Chat Funktion im Spiel mit anderen Mitspielern<br \/>\n\u2013 laufende Updates f\u00fcr neue iQ Quartett Karten<\/p>\n<\/div>\n<\/div>\n","protected":false},"excerpt":{"rendered":"<p>Mit dem Innovations Quartett er\u00f6ffnest du dir neue M\u00f6glichkeiten in deinem Gesch\u00e4ftsmodell. Lass dich von den 4 Jokern inspirieren und von den Karten challengen!<br \/>\nBist du mutig genug, zu spielen?<\/p>\n<p>F\u00fcr die Dauer von 12 Monaten ab Registrierung auf der iQ Plattform steht Dir folgendes zur Verf\u00fcgung:<br \/>\n\u2013 Detailinformationen zu ALLEN verf\u00fcgbaren Quartett Karten<br \/>\n\u2013 Best Practice Beispiele<br \/>\n\u2013 Interaktives Spielbrett<br \/>\n\u2013 Video Chat Funktion (Jitsi Meeting)<\/p>\n","protected":false},"featured_media":155,"comment_status":"open","ping_status":"closed","template":"","meta":[],"_links":{"self":[{"href":"http:\/\/www.evolution-canvas.com\/shop\/index.php?rest_route=\/wp\/v2\/product\/182"}],"collection":[{"href":"http:\/\/www.evolution-canvas.com\/shop\/index.php?rest_route=\/wp\/v2\/product"}],"about":[{"href":"http:\/\/www.evolution-canvas.com\/shop\/index.php?rest_route=\/wp\/v2\/types\/product"}],"replies":[{"embeddable":true,"href":"http:\/\/www.evolution-canvas.com\/shop\/index.php?rest_route=%2Fwp%2Fv2%2Fcomments&post=182"}],"wp:featuredmedia":[{"embeddable":true,"href":"http:\/\/www.evolution-canvas.com\/shop\/index.php?rest_route=\/wp\/v2\/media\/155"}],"wp:attachment":[{"href":"http:\/\/www.evolution-canvas.com\/shop\/index.php?rest_route=%2Fwp%2Fv2%2Fmedia&parent=182"}],"curies":[{"name":"wp","href":"https:\/\/api.w.org\/{rel}","templated":true}]}}